{"id":20,"date":"2021-07-09T11:54:52","date_gmt":"2021-07-09T10:54:52","guid":{"rendered":"https:\/\/aiptec.ma\/?page_id=20"},"modified":"2026-03-26T21:45:27","modified_gmt":"2026-03-26T20:45:27","slug":"remplisseuses","status":"publish","type":"page","link":"https:\/\/aiptec.ma\/?page_id=20","title":{"rendered":"REMPLISSEUSE"},"content":{"rendered":"\n<div class=\"section-wrapper\" data-id=\"oGfdTK\"><section class=\"wp-block-gutenverse-section guten-element guten-section guten-oGfdTK layout-boxed align-stretch\"><div class=\"guten-container guten-column-gap-default\">\n<div class=\"wp-block-gutenverse-column guten-element guten-column guten-9oXxCR\"><div class=\"guten-column-wrapper\" data-id=\"9oXxCR\">\n<h1 class=\"wp-block-heading has-text-align-center has-black-color has-text-color has-link-color wp-elements-477e6dcf5831f4cbfb7dc3adc1c1c742\" id=\"0-les-machines-remplisseuse-s\"><em>LES MACHINES REMPLISSEUSE<\/em>S AIPTEC<\/h1>\n<\/div><\/div>\n<\/div><\/section><\/div>\n\n\n\n<div class=\"section-wrapper\" data-id=\"WoDR3s\"><section class=\"wp-block-gutenverse-section guten-element guten-section guten-WoDR3s layout-boxed align-stretch\"><div class=\"guten-container guten-column-gap-default\">\n<h2 class=\"wp-block-heading has-text-align-center has-black-color has-text-color has-link-color wp-elements-bd9e0e41c008d3056053eb594415f292\" id=\"1-remplisseuse-pour-produits-liquides-et-visqueux-\" style=\"font-style:normal;font-weight:400\">REMPLISSEUSE POUR PRODUITS LIQUIDES ET VISQUEUX :<\/h2>\n<\/div><\/section><\/div>\n\n\n\n<div class=\"section-wrapper\" data-id=\"BcW4wb\"><section class=\"wp-block-gutenverse-section guten-element guten-section guten-BcW4wb layout-boxed align-stretch\"><div class=\"guten-container guten-column-gap-default\">\n<div class=\"wp-block-gutenverse-column guten-element guten-column guten-qktxnZ\"><div class=\"guten-column-wrapper\" data-id=\"qktxnZ\">\n<p class=\"has-text-align-center has-black-color has-text-color has-link-color wp-elements-f73d3c0746bebacb16cb76924f7d7667\" style=\"font-size:20px\">Les remplisseuses pour produits liquides, qu\u2019elles soient semi-automatiques ou automatiques, offrent diverses solutions de remplissage adapt\u00e9es \u00e0 diff\u00e9rents types de liquides. Elles incluent le remplissage \u00e0 piston pour les produits visqueux, le remplissage par d\u00e9bitm\u00e8tre pour un dosage pr\u00e9cis, le remplissage overflow pour des niveaux constants, et le remplissage pond\u00e9ral pour un dosage par poids pr\u00e9cis. Ces \u00e9quipements garantissent efficacit\u00e9 et flexibilit\u00e9 pour diverses applications industrielles<\/p>\n<\/div><\/div>\n<\/div><\/section><\/div>\n\n\n\n<div class=\"section-wrapper\" data-id=\"SLpyo0\"><section class=\"wp-block-gutenverse-section guten-element guten-section guten-SLpyo0 layout-boxed align-stretch\"><div class=\"guten-container guten-column-gap-default\">\n<div class=\"wp-block-gutenverse-column guten-element guten-column guten-sLKj5Z\"><div class=\"guten-column-wrapper\" data-id=\"sLKj5Z\">\n<div class=\"section-wrapper\" data-id=\"di5AVB\"><section class=\"wp-block-gutenverse-section guten-element guten-section guten-di5AVB layout-boxed align-stretch\"><div class=\"guten-container guten-column-gap-default\">\n<div class=\"wp-block-gutenverse-column guten-element guten-column guten-71eVtj\"><div class=\"guten-column-wrapper\" data-id=\"71eVtj\"><\/div><\/div>\n\n\n\n<div class=\"wp-block-gutenverse-column guten-element guten-column guten-VV3FB8\"><div class=\"guten-column-wrapper\" data-id=\"VV3FB8\">\n<div class=\"wp-block-gutenverse-image guten-element guten-image guten-EkANaN\"><div class=\"guten-image-wrapper\"><img decoding=\"async\" class=\"gutenverse-image-box-filled\" src=\"https:\/\/aiptec.ma\/wp-content\/uploads\/2024\/08\/Produit-a-Bouchonner.png\" height=\"236\" width=\"827\"\/><\/div><\/div>\n<\/div><\/div>\n\n\n\n<div class=\"wp-block-gutenverse-column guten-element guten-column guten-IlmAat\"><div class=\"guten-column-wrapper\" data-id=\"IlmAat\"><\/div><\/div>\n<\/div><\/section><\/div>\n<\/div><\/div>\n<\/div><\/section><\/div>\n\n\n\n<div class=\"guten-element guten-spacer guten-bGGRgd\"><\/div>\n\n\n\n<div class=\"section-wrapper\" data-id=\"V3QaQW\"><section class=\"wp-block-gutenverse-section guten-element guten-section guten-V3QaQW layout-boxed align-stretch overflow-hidden\"><div class=\"guten-container guten-column-gap-default\">\n<div class=\"wp-block-gutenverse-column guten-element guten-column guten-dv5yQ5\"><div class=\"guten-column-wrapper\" data-id=\"dv5yQ5\">\n<h2 class=\"wp-block-gutenverse-heading guten-element guten-RORFAh\"><strong>LES REMPLISSEUSES SEMI-AUTOMATIQUE \u00c0 PISTON :<\/strong><\/h2>\n\n\n\n<div class=\"guten-element guten-tabs guten-AzC60O horizontal\"><div class=\"tab-heading\"><div class=\"tab-heading-item active\" id=\"tab-rDl7BB\" data-id=\"tab-rDl7BB\"><span>DESIGNATION<\/span><\/div><div class=\"tab-heading-item\" id=\"tab-q00XpF\" data-id=\"tab-q00XpF\"><span>CARACT\u00c9RISTUIQUES<\/span><\/div><div class=\"tab-heading-item\" id=\"XhPI2C\" data-id=\"XhPI2C\"><span>OPTIONS<\/span><\/div><div class=\"tab-heading-item\" id=\"tab-Oms6D4\" data-id=\"tab-Oms6D4\"><span>VIDEOS<\/span><\/div><div class=\"tab-heading-item\" id=\"fG5cJD\" data-id=\"fG5cJD\"><span>APPLICATIONS<\/span><\/div><\/div><div class=\"tab-heading-mobile\"><div class=\"tab-title\"><span>DESIGNATION<\/span><div class=\"gutenverse-icon-svg\"><svg class=\"chevron-up-icon\" xmlns=\"http:\/\/www.w3.org\/2000\/svg\" viewBox=\"0 0 448 512\"><path d=\"M201.4 105.4c12.5-12.5 32.8-12.5 45.3 0l192 192c12.5 12.5 12.5 32.8 0 45.3s-32.8 12.5-45.3 0L224 173.3 54.6 342.6c-12.5 12.5-32.8 12.5-45.3 0s-12.5-32.8 0-45.3l192-192z\"><\/path><\/svg><svg class=\"chevron-down-icon\" xmlns=\"http:\/\/www.w3.org\/2000\/svg\" viewBox=\"0 0 448 512\"><path d=\"M201.4 406.6c12.5 12.5 32.8 12.5 45.3 0l192-192c12.5-12.5 12.5-32.8 0-45.3s-32.8-12.5-45.3 0L224 338.7 54.6 169.4c-12.5-12.5-32.8-12.5-45.3 0s-12.5 32.8 0 45.3l192 192z\"><\/path><\/svg><\/div><\/div><div class=\"tab-option\"><div data-id=\"tab-rDl7BB\" class=\"tab-option-item active\"><span>DESIGNATION<\/span><\/div><div data-id=\"tab-q00XpF\" class=\"tab-option-item\"><span>CARACT\u00c9RISTUIQUES<\/span><\/div><div data-id=\"XhPI2C\" class=\"tab-option-item\"><span>OPTIONS<\/span><\/div><div data-id=\"tab-Oms6D4\" class=\"tab-option-item\"><span>VIDEOS<\/span><\/div><div data-id=\"fG5cJD\" class=\"tab-option-item\"><span>APPLICATIONS<\/span><\/div><\/div><\/div><div class=\"tab-body\">\n<div class=\"tab-rDl7BB tab-body-item\" data-id=\"tab-rDl7BB\">\n<div id=\"wp-block-themeisle-blocks-advanced-columns-58a93a24\" class=\"wp-block-themeisle-blocks-advanced-columns has-2-columns has-desktop-oneTwo-layout has-tablet-equal-layout has-mobile-collapsedRows-layout has-vertical-unset\"><div class=\"wp-block-themeisle-blocks-advanced-columns-overlay\"><\/div><div class=\"innerblocks-wrap\">\n<div id=\"wp-block-themeisle-blocks-advanced-column-11395d7d\" class=\"wp-block-themeisle-blocks-advanced-column\">\n<div class=\"wp-block-gutenverse-image guten-element guten-image guten-ZwfEbK\"><div class=\"guten-image-wrapper\"><img decoding=\"async\" class=\"gutenverse-image-box-filled\" src=\"https:\/\/aiptec.ma\/wp-content\/uploads\/2024\/08\/Remplisseuse-semi-automatique-pour-Past.png\" height=\"591\" width=\"827\"\/><\/div><\/div>\n<\/div>\n\n\n\n<div id=\"wp-block-themeisle-blocks-advanced-column-b6a17bd3\" class=\"wp-block-themeisle-blocks-advanced-column\">\n<h3 class=\"wp-block-gutenverse-heading guten-element guten-wppqTL\"><strong><strong>NOTRE REMPLISSEUSE SEMI-AUTOMATIQUE \u00c0 PISTON : LA POLYVALENCE AU SERVICE DE VOTRE PRODUCTION<\/strong><\/strong><\/h3>\n\n\n\n<div class=\"wp-block-uagb-info-box uagb-block-131072c8 uagb-infobox__content-wrap  uagb-infobox-icon-left-title uagb-infobox-left uagb-infobox-image-valign-top\"><div class=\"uagb-ifb-content\"><div class=\"uagb-ifb-left-title-image\"><div class=\"uagb-ifb-title-wrap\"><\/div><\/div><p class=\"uagb-ifb-desc\">Alliant pr\u00e9cision et robustesse, notre remplisseuse semi-automatique \u00e0 piston est la solution id\u00e9ale pour conditionner une large gamme de produits, des liquides fluides aux pr\u00e9parations les plus \u00e9paisses, y compris celles contenant des morceaux. Gr\u00e2ce \u00e0 son syst\u00e8me volum\u00e9trique, elle garantit un remplissage d&rsquo;une exactitude irr\u00e9prochable, directement depuis sa tr\u00e9mie en inox. Simple d&rsquo;utilisation et con\u00e7ue pour un nettoyage rapide, elle offre un excellent compromis entre cadence de production et investissement ma\u00eetris\u00e9, parfaitement adapt\u00e9e aux petites et moyennes s\u00e9ries. Compacte et hygi\u00e9nique, elle s&rsquo;int\u00e8gre facilement dans tous les environnements de travail.<\/p><\/div><\/div>\n<\/div>\n<\/div><\/div>\n<\/div>\n\n\n\n<div class=\"tab-q00XpF tab-body-item\" data-id=\"tab-q00XpF\">\n<div class=\"section-wrapper\" data-id=\"zQ6O4l\"><section class=\"wp-block-gutenverse-section guten-element guten-section guten-zQ6O4l layout-boxed align-stretch\"><div class=\"guten-container guten-column-gap-default\">\n<div class=\"wp-block-gutenverse-column guten-element guten-column guten-ydbxyy\"><div class=\"guten-column-wrapper\" data-id=\"ydbxyy\">\n<ul class=\"wp-block-list\">\n<li>Matri\u00e8re de la machine : Inox 304L (En option Inox 316)<\/li>\n\n\n\n<li>Volume de remplissage : de 100mL \u00e0 500ml \/ 200mL \u00e0 1L \/ 500mL \u00e0 2.5L \/ 2L \u00e0 5L<\/li>\n\n\n\n<li>pr\u00e9cision de remplissage : 0.5 \u00e0 1%<\/li>\n\n\n\n<li class=\"has-tiny-font-size\">Cycle de remplissage en continu : oui (Par actionneur)<\/li>\n\n\n\n<li class=\"has-tiny-font-size\">Alimentation electrique : 220v Ac<\/li>\n\n\n\n<li>Alimentation pneumatique : 6 Bar<\/li>\n<\/ul>\n<\/div><\/div>\n\n\n\n<div class=\"wp-block-gutenverse-column guten-element guten-column guten-nL1L50\"><div class=\"guten-column-wrapper\" data-id=\"nL1L50\"><\/div><\/div>\n<\/div><\/section><\/div>\n<\/div>\n\n\n\n<div class=\"tab-Oms6D4 tab-body-item\" data-id=\"tab-Oms6D4\">\n<div class=\"section-wrapper\" data-id=\"xNFst0\"><section class=\"wp-block-gutenverse-section guten-element guten-section guten-xNFst0 layout-boxed align-stretch\"><div class=\"guten-container guten-column-gap-default\">\n<div class=\"wp-block-gutenverse-column guten-element guten-column guten-HPIkvf\"><div class=\"guten-column-wrapper\" data-id=\"HPIkvf\">\n<figure class=\"guten-element guten-video guten-m32Uh5\"><div class=\"guten-video-wrapper\" data-property=\"{&quot;url&quot;:&quot;https:\/\/www.youtube.com\/watch?v=71aaBOG-oBw&quot;,&quot;class&quot;:&quot;guten-video-background&quot;,&quot;width&quot;:&quot;100%&quot;,&quot;height&quot;:&quot;500px&quot;,&quot;controls&quot;:true,&quot;playsinline&quot;:true,&quot;style&quot;:{},&quot;config&quot;:{&quot;youtube&quot;:{&quot;playerVars&quot;:{}}}}\"><\/div><\/figure>\n<\/div><\/div>\n\n\n\n<div class=\"wp-block-gutenverse-column guten-element guten-column guten-u1d1PL\"><div class=\"guten-column-wrapper\" data-id=\"u1d1PL\"><\/div><\/div>\n<\/div><\/section><\/div>\n<\/div>\n\n\n\n<div class=\"XhPI2C tab-body-item\" data-id=\"XhPI2C\">\n<p><\/p>\n<\/div>\n\n\n\n<div class=\"fG5cJD tab-body-item\" data-id=\"fG5cJD\">\n<p><\/p>\n<\/div>\n<\/div><\/div>\n<\/div><\/div>\n<\/div><\/section><\/div>\n\n\n\n<div class=\"section-wrapper\" data-id=\"sluoz1\"><section class=\"wp-block-gutenverse-section guten-element guten-section guten-sluoz1 layout-boxed align-stretch\"><div class=\"guten-container guten-column-gap-default\">\n<div class=\"wp-block-gutenverse-column guten-element guten-column guten-i0QzCP\"><div class=\"guten-column-wrapper\" data-id=\"i0QzCP\">\n<h2 class=\"wp-block-heading has-text-align-center has-black-color has-text-color has-link-color wp-elements-33334efce9921c1d0713074bb61de83d\" id=\"2-les-remplisseuses-automatique-pour-produits-liquides-\" style=\"font-style:normal;font-weight:400\">LES REMPLISSEUSES AUTOMATIQUE POUR PRODUITS LIQUIDES :<\/h2>\n<\/div><\/div>\n<\/div><\/section><\/div>\n\n\n\n<div class=\"section-wrapper\" data-id=\"Ur9xiT\"><section class=\"wp-block-gutenverse-section guten-element guten-section guten-Ur9xiT layout-boxed align-stretch\"><div class=\"guten-container guten-column-gap-default\">\n<div class=\"wp-block-gutenverse-column guten-element guten-column guten-jJ64Qo\"><div class=\"guten-column-wrapper\" data-id=\"jJ64Qo\"><\/div><\/div>\n\n\n\n<div class=\"wp-block-gutenverse-column guten-element guten-column guten-SFHjXj\"><div class=\"guten-column-wrapper\" data-id=\"SFHjXj\"><\/div><\/div>\n<\/div><\/section><\/div>\n\n\n\n<p><\/p>\n","protected":false},"excerpt":{"rendered":"","protected":false},"author":1,"featured_media":0,"parent":0,"menu_order":0,"comment_status":"closed","ping_status":"closed","template":"","meta":{"_uag_custom_page_level_css":"","_themeisle_gutenberg_block_has_review":false,"footnotes":""},"class_list":["post-20","page","type-page","status-publish","hentry"],"featured_image_src":null,"uagb_featured_image_src":{"full":false,"thumbnail":false,"medium":false,"medium_large":false,"large":false,"1536x1536":false,"2048x2048":false},"uagb_author_info":{"display_name":"Med Amine","author_link":"https:\/\/aiptec.ma\/?author=1"},"uagb_comment_info":0,"uagb_excerpt":null,"_links":{"self":[{"href":"https:\/\/aiptec.ma\/index.php?rest_route=\/wp\/v2\/pages\/20","targetHints":{"allow":["GET"]}}],"collection":[{"href":"https:\/\/aiptec.ma\/index.php?rest_route=\/wp\/v2\/pages"}],"about":[{"href":"https:\/\/aiptec.ma\/index.php?rest_route=\/wp\/v2\/types\/page"}],"author":[{"embeddable":true,"href":"https:\/\/aiptec.ma\/index.php?rest_route=\/wp\/v2\/users\/1"}],"replies":[{"embeddable":true,"href":"https:\/\/aiptec.ma\/index.php?rest_route=%2Fwp%2Fv2%2Fcomments&post=20"}],"version-history":[{"count":41,"href":"https:\/\/aiptec.ma\/index.php?rest_route=\/wp\/v2\/pages\/20\/revisions"}],"predecessor-version":[{"id":2980,"href":"https:\/\/aiptec.ma\/index.php?rest_route=\/wp\/v2\/pages\/20\/revisions\/2980"}],"wp:attachment":[{"href":"https:\/\/aiptec.ma\/index.php?rest_route=%2Fwp%2Fv2%2Fmedia&parent=20"}],"curies":[{"name":"wp","href":"https:\/\/api.w.org\/{rel}","templated":true}]}}