{"id":2985,"date":"2026-03-27T20:27:16","date_gmt":"2026-03-27T19:27:16","guid":{"rendered":"https:\/\/aiptec.ma\/?page_id=2985"},"modified":"2026-03-29T17:46:21","modified_gmt":"2026-03-29T16:46:21","slug":"etiqueteuse-automatique-produit-plat-face","status":"publish","type":"page","link":"https:\/\/aiptec.ma\/?page_id=2985","title":{"rendered":"ETIQUETEUSE AUTOMATIQUE PRODUIT PLAT FACE"},"content":{"rendered":"\n<h2 class=\"wp-block-gutenverse-heading guten-element guten-RORFAh\"><strong><strong>NOS MACHINES ETIQUETEUSES<\/strong><\/strong><\/h2>\n\n\n\n<div class=\"section-wrapper\" data-id=\"8y6jA5\"><section class=\"wp-block-gutenverse-section guten-element guten-section guten-8y6jA5 layout-fullwidth align-stretch\"><div class=\"guten-container guten-column-gap-extended\">\n<div class=\"wp-block-gutenverse-column guten-element guten-column guten-i1gdoH slow\"><div class=\"guten-column-wrapper\" data-id=\"i1gdoH\">\n<div class=\"guten-0Axd7c guten-image-box guten-element style-floating\"><div class=\"inner-container\"><div class=\"image-box-header\"><a class=\"\" href=\"https:\/\/aiptec.ma\/?page_id=2964\"><img decoding=\"async\" class=\"gutenverse-image-box-filled\" src=\"https:\/\/aiptec.ma\/wp-content\/uploads\/2026\/03\/Etiqueteuse-semi-auto-plat-50x50-1.webp\" height=\"850\" width=\"1134\"\/><\/a><\/div><div class=\"image-box-body\"><div class=\"body-inner\"><a class=\"\" href=\"https:\/\/aiptec.ma\/?page_id=2964\"><h3 class=\"body-title icon-position-before\"><span class=\"image-box-icon icon-position-before\"><\/span><span>ETIQUETEUSE SEMI-AUTOMATIQUE<\/span><\/h3><\/a><\/div><\/div><\/div><\/div>\n<\/div><\/div>\n\n\n\n<div class=\"wp-block-gutenverse-column guten-element guten-column guten-IduJFQ slow\"><div class=\"guten-column-wrapper\" data-id=\"IduJFQ\">\n<div class=\"guten-ZyQcg2 guten-image-box guten-element style-default\"><div class=\"inner-container\"><div class=\"image-box-header\"><a class=\"\" href=\"https:\/\/aiptec.ma\/?page_id=3060\"><img decoding=\"async\" class=\"gutenverse-image-box-filled\" src=\"https:\/\/aiptec.ma\/wp-content\/uploads\/2026\/03\/Tete-detiquetage-au-dessus.webp\" height=\"850\" width=\"1134\"\/><\/a><\/div><div class=\"image-box-body\"><div class=\"body-inner\"><a class=\"\" href=\"https:\/\/aiptec.ma\/?page_id=3060\"><h3 class=\"body-title icon-position-before\"><span class=\"image-box-icon icon-position-before\"><\/span><span>T\u00caTE D&rsquo;\u00c9TIQUETAGE AUTOMATIQUE<\/span><\/h3><\/a><\/div><\/div><\/div><\/div>\n<\/div><\/div>\n\n\n\n<div class=\"wp-block-gutenverse-column guten-element guten-column guten-SHoT6q slow\"><div class=\"guten-column-wrapper\" data-id=\"SHoT6q\">\n<div class=\"guten-x6Y2bs guten-image-box guten-element style-default\"><div class=\"inner-container\"><div class=\"image-box-header\"><a class=\"\" href=\"https:\/\/aiptec.ma\/?page_id=2840\"><img decoding=\"async\" class=\"gutenverse-image-box-filled\" src=\"https:\/\/aiptec.ma\/wp-content\/uploads\/2026\/03\/Etiqueteuse-automatique-Standards.webp\" height=\"850\" width=\"1134\"\/><\/a><\/div><div class=\"image-box-body\"><div class=\"body-inner\"><a class=\"\" href=\"https:\/\/aiptec.ma\/?page_id=2840\"><h3 class=\"body-title icon-position-before\"><span class=\"image-box-icon icon-position-before\"><\/span><span>AUTOMATIQUE PRODUITE CYLINDRIQUE<\/span><\/h3><\/a><\/div><\/div><\/div><\/div>\n<\/div><\/div>\n\n\n\n<div class=\"wp-block-gutenverse-column guten-element guten-column guten-IBYw64 slow\"><div class=\"guten-column-wrapper\" data-id=\"IBYw64\">\n<div class=\"guten-yept5X guten-image-box guten-element style-default\"><div class=\"inner-container\"><div class=\"image-box-header\"><a class=\"\" href=\"https:\/\/aiptec.ma\/?page_id=2985\"><img decoding=\"async\" class=\"gutenverse-image-box-filled\" src=\"https:\/\/aiptec.ma\/wp-content\/uploads\/2026\/03\/Etiqueteuse-automatique-plat-1-tete.webp\" height=\"850\" width=\"1134\"\/><\/a><\/div><div class=\"image-box-body\"><div class=\"body-inner\"><a class=\"\" href=\"https:\/\/aiptec.ma\/?page_id=2985\"><h3 class=\"body-title icon-position-before\"><span class=\"image-box-icon icon-position-before\"><\/span><span>AUTOMATIQUE PRODUIT PLAT LAT\u00c9RAL FACE<\/span><\/h3><\/a><\/div><\/div><\/div><\/div>\n<\/div><\/div>\n\n\n\n<div class=\"wp-block-gutenverse-column guten-element guten-column guten-06R5CX slow\"><div class=\"guten-column-wrapper\" data-id=\"06R5CX\">\n<div class=\"guten-1cZnIt guten-image-box guten-element style-default\"><div class=\"inner-container\"><div class=\"image-box-header\"><a class=\"\" href=\"https:\/\/aiptec.ma\/?page_id=2988\"><img decoding=\"async\" class=\"gutenverse-image-box-filled\" src=\"https:\/\/aiptec.ma\/wp-content\/uploads\/2026\/03\/Etiqueteuse-automatique-plat-2-tete-.webp\" height=\"850\" width=\"1134\"\/><\/a><\/div><div class=\"image-box-body\"><div class=\"body-inner\"><a class=\"\" href=\"https:\/\/aiptec.ma\/?page_id=2988\"><h3 class=\"body-title icon-position-before\"><span class=\"image-box-icon icon-position-before\"><\/span><span>AUTOMATIQUE PRODUIT PLAT FACE ET DOS<\/span><\/h3><\/a><\/div><\/div><\/div><\/div>\n<\/div><\/div>\n\n\n\n<div class=\"wp-block-gutenverse-column guten-element guten-column guten-mFQD8O slow\"><div class=\"guten-column-wrapper\" data-id=\"mFQD8O\">\n<div class=\"guten-FW1hO8 guten-image-box guten-element style-default\"><div class=\"inner-container\"><div class=\"image-box-header\"><a class=\"\" href=\"https:\/\/aiptec.ma\/?page_id=3064\"><img decoding=\"async\" class=\"gutenverse-image-box-filled\" src=\"https:\/\/aiptec.ma\/wp-content\/uploads\/2026\/03\/Etiqueteuse-automatique-au-dessus-au-dessous-standard-2.webp\" height=\"850\" width=\"1134\"\/><\/a><\/div><div class=\"image-box-body\"><div class=\"body-inner\"><a class=\"\" href=\"https:\/\/aiptec.ma\/?page_id=3064\"><h3 class=\"body-title icon-position-before\"><span class=\"image-box-icon icon-position-before\"><\/span><span>AUTOMATIQUE AU-DESSUS \/ AU-DESSOUS<\/span><\/h3><\/a><\/div><\/div><\/div><\/div>\n<\/div><\/div>\n<\/div><\/section><\/div>\n\n\n\n<h2 class=\"wp-block-gutenverse-heading guten-element guten-8kxlck\"><strong><strong>LES \u00c9TIQUETEUSES SEMI-AUTOMATIQUES<\/strong><\/strong><\/h2>\n\n\n\n<div class=\"guten-element guten-spacer guten-lu81Kb\"><\/div>\n\n\n\n<div class=\"section-wrapper\" data-id=\"AGCKxk\"><section class=\"wp-block-gutenverse-section guten-element guten-section guten-AGCKxk layout-fullwidth align-stretch\"><div class=\"guten-container guten-column-gap-default\">\n<div class=\"wp-block-gutenverse-column guten-element guten-column guten-gh5mUI\"><div class=\"guten-column-wrapper\" data-id=\"gh5mUI\">\n<div class=\"section-wrapper\" data-id=\"V3QaQW\"><section class=\"wp-block-gutenverse-section guten-element guten-section guten-V3QaQW layout-boxed align-stretch overflow-hidden\"><div class=\"guten-container guten-column-gap-default\">\n<div class=\"wp-block-gutenverse-column guten-element guten-column guten-dv5yQ5\"><div class=\"guten-column-wrapper\" data-id=\"dv5yQ5\">\n<h2 class=\"wp-block-gutenverse-heading guten-element guten-6mQhl1\"><strong>ETIQUETEUSE AUTOMATIQUE PRODUIT PLAT FACE<\/strong> :<\/h2>\n\n\n\n<div class=\"guten-element guten-spacer guten-LrxKSS\"><\/div>\n\n\n\n<div class=\"guten-element guten-tabs guten-AzC60O horizontal\"><div class=\"tab-heading\"><div class=\"tab-heading-item active\" id=\"tab-rDl7BB\" data-id=\"tab-rDl7BB\"><span>DESIGNATION<\/span><\/div><div class=\"tab-heading-item\" id=\"tab-q00XpF\" data-id=\"tab-q00XpF\"><span>CARACT\u00c9RISTUIQUES<\/span><\/div><div class=\"tab-heading-item\" id=\"fG5cJD\" data-id=\"fG5cJD\"><span>APPLICATIONS<\/span><\/div><div class=\"tab-heading-item\" id=\"XhPI2C\" data-id=\"XhPI2C\"><span>OPTIONS<\/span><\/div><div class=\"tab-heading-item\" id=\"tab-Oms6D4\" data-id=\"tab-Oms6D4\"><span>VIDEOS<\/span><\/div><\/div><div class=\"tab-heading-mobile\"><div class=\"tab-title\"><span>DESIGNATION<\/span><div class=\"gutenverse-icon-svg\"><svg class=\"chevron-up-icon\" xmlns=\"http:\/\/www.w3.org\/2000\/svg\" viewBox=\"0 0 448 512\"><path d=\"M201.4 105.4c12.5-12.5 32.8-12.5 45.3 0l192 192c12.5 12.5 12.5 32.8 0 45.3s-32.8 12.5-45.3 0L224 173.3 54.6 342.6c-12.5 12.5-32.8 12.5-45.3 0s-12.5-32.8 0-45.3l192-192z\"><\/path><\/svg><svg class=\"chevron-down-icon\" xmlns=\"http:\/\/www.w3.org\/2000\/svg\" viewBox=\"0 0 448 512\"><path d=\"M201.4 406.6c12.5 12.5 32.8 12.5 45.3 0l192-192c12.5-12.5 12.5-32.8 0-45.3s-32.8-12.5-45.3 0L224 338.7 54.6 169.4c-12.5-12.5-32.8-12.5-45.3 0s-12.5 32.8 0 45.3l192 192z\"><\/path><\/svg><\/div><\/div><div class=\"tab-option\"><div data-id=\"tab-rDl7BB\" class=\"tab-option-item active\"><span>DESIGNATION<\/span><\/div><div data-id=\"tab-q00XpF\" class=\"tab-option-item\"><span>CARACT\u00c9RISTUIQUES<\/span><\/div><div data-id=\"fG5cJD\" class=\"tab-option-item\"><span>APPLICATIONS<\/span><\/div><div data-id=\"XhPI2C\" class=\"tab-option-item\"><span>OPTIONS<\/span><\/div><div data-id=\"tab-Oms6D4\" class=\"tab-option-item\"><span>VIDEOS<\/span><\/div><\/div><\/div><div class=\"tab-body\">\n<div class=\"tab-rDl7BB tab-body-item\" data-id=\"tab-rDl7BB\">\n<div class=\"section-wrapper\" data-id=\"gYV6yr\"><section class=\"wp-block-gutenverse-section guten-element guten-section guten-gYV6yr layout-boxed align-stretch\"><div class=\"guten-container guten-column-gap-default\">\n<div class=\"wp-block-gutenverse-column guten-element guten-column guten-N09rbb\"><div class=\"guten-column-wrapper\" data-id=\"N09rbb\">\n<div class=\"wp-block-gutenverse-image guten-element guten-image guten-eQddfG\"><div class=\"guten-image-wrapper\"><img decoding=\"async\" class=\"gutenverse-image-box-filled\" src=\"https:\/\/aiptec.ma\/wp-content\/uploads\/2026\/03\/Etiqueteuse-automatique-plat-1-tete.webp\" height=\"850\" width=\"1134\"\/><\/div><\/div>\n<\/div><\/div>\n\n\n\n<div class=\"wp-block-gutenverse-column guten-element guten-column guten-pGxkyP\"><div class=\"guten-column-wrapper\" data-id=\"pGxkyP\">\n<div class=\"wp-block-uagb-info-box uagb-block-afc55cd1 uagb-infobox__content-wrap  uagb-infobox-icon-above-title uagb-infobox-image-valign-top\"><div class=\"uagb-ifb-content\"><div class=\"uagb-ifb-title-wrap\"><\/div><p class=\"uagb-ifb-desc\">L\u2019\u00e9tiqueteuse semi-automatique pour produits cylindriques est une solution simple et efficace, id\u00e9ale pour l\u2019\u00e9tiquetage en wrap-around (tour de produit) des bouteilles, flacons, tubes et pots. L\u2019op\u00e9rateur place manuellement le produit sur les rouleaux d\u2019entra\u00eenement, d\u00e9clenche le cycle par bras d\u2019appuis, et l\u2019\u00e9tiquette est d\u00e9roul\u00e9e puis appliqu\u00e9e automatiquement par rotation du produit, garantissant une pr\u00e9cision d\u2019\u00e9tiquetage d\u2019environ \u00b1 1 mm. La machine \u00e9tiqueteuse accepte une large gamme de diam\u00e8tres, g\u00e9n\u00e9ralement de 25 mm \u00e0 150 mm, ainsi que des \u00e9tiquettes jusqu\u2019\u00e0 150 mm de hauteur, avec des bobines pouvant atteindre 240 mm de diam\u00e8tre ext\u00e9rieur. Elle se distingue par sa facilit\u00e9 de r\u00e9glage, son faible encombrement et son co\u00fbt ma\u00eetris\u00e9, bien inf\u00e9rieur \u00e0 celui d\u2019une machine enti\u00e8rement automatique. Elle convient parfaitement aux petites et moyennes s\u00e9ries, ainsi qu\u2019aux ateliers n\u00e9cessitant des changements de format fr\u00e9quents, o\u00f9 la flexibilit\u00e9 et la simplicit\u00e9 d\u2019utilisation sont privil\u00e9gi\u00e9es.<\/p><\/div><\/div>\n<\/div><\/div>\n\n\n\n<div class=\"wp-block-gutenverse-column guten-element guten-column guten-DkqKad\"><div class=\"guten-column-wrapper\" data-id=\"DkqKad\">\n<div class=\"guten-element guten-spacer guten-S2rS4O\"><\/div>\n<\/div><\/div>\n<\/div><\/section><\/div>\n<\/div>\n\n\n\n<div class=\"tab-q00XpF tab-body-item\" data-id=\"tab-q00XpF\">\n<div class=\"section-wrapper\" data-id=\"zQ6O4l\"><section class=\"wp-block-gutenverse-section guten-element guten-section guten-zQ6O4l layout-boxed align-stretch\"><div class=\"guten-container guten-column-gap-default\">\n<div class=\"wp-block-gutenverse-column guten-element guten-column guten-ydbxyy\"><div class=\"guten-column-wrapper\" data-id=\"ydbxyy\">\n<h2 class=\"wp-block-gutenverse-heading guten-element guten-23v6X8\">SL-R150S<\/h2>\n\n\n\n<ul style=\"font-size:15px\" class=\"wp-block-list\">\n<li style=\"font-size:13px\">Type de machine&nbsp;: Semi-automatique (d\u00e9p\u00f4t manuel, cycle automatique)<\/li>\n\n\n\n<li style=\"font-size:13px\">Structure de la machine : Inox<\/li>\n\n\n\n<li style=\"font-size:13px\">Forme produit&nbsp;: Surface cylindrique (wrap-around)<\/li>\n\n\n\n<li style=\"font-size:13px\">Diam\u00e8tre produit&nbsp;: 25 mm \u2013 150 mm<\/li>\n\n\n\n<li style=\"font-size:13px\">Hauteur \u00e9tiquette (Laize max)&nbsp;: 150 mm<\/li>\n\n\n\n<li style=\"font-size:13px\">Longueur \u00e9tiquette (max)&nbsp;&nbsp;&nbsp;&nbsp; 250 mm<\/li>\n\n\n\n<li style=\"font-size:13px\">Bobine \u2013 diam\u00e8tre ext\u00e9rieur max&nbsp;: 240 mm<\/li>\n\n\n\n<li style=\"font-size:13px\">Bobine \u2013 diam\u00e8tre int\u00e9rieur mandrin&nbsp;: 75 mm<\/li>\n\n\n\n<li style=\"font-size:13px\">Alimentation&nbsp;: 220 V AC \/ 50-60 Hz<\/li>\n\n\n\n<li style=\"font-size:13px\">Cadence&nbsp;: Jusqu\u2019\u00e0 800 \u00e9tiquettes \/ heure<\/li>\n\n\n\n<li style=\"font-size:13px\">D\u00e9clenchement&nbsp;: P\u00e9dale ou capteur de pr\u00e9sence<\/li>\n\n\n\n<li style=\"font-size:13px\">Pr\u00e9cision d\u2019\u00e9tiquetage&nbsp;: \u00b1 1 mm<\/li>\n\n\n\n<li style=\"font-size:13px\">Poids de la machine&nbsp;: Environ 28Kg<\/li>\n<\/ul>\n<\/div><\/div>\n\n\n\n<div class=\"wp-block-gutenverse-column guten-element guten-column guten-tCL9Bn\"><div class=\"guten-column-wrapper\" data-id=\"tCL9Bn\">\n<h2 class=\"wp-block-gutenverse-heading guten-element guten-kBHy6X\">SL-R150A<\/h2>\n\n\n\n<ul style=\"font-size:15px\" class=\"wp-block-list\">\n<li style=\"font-size:13px\">Type de machine&nbsp;: Semi-automatique (d\u00e9p\u00f4t manuel, cycle automatique)<\/li>\n\n\n\n<li style=\"font-size:13px\">Structure de la machine : Aluminium<\/li>\n\n\n\n<li style=\"font-size:13px\">Forme produit&nbsp;: Surface cylindrique (wrap-around)<\/li>\n\n\n\n<li style=\"font-size:13px\">Diam\u00e8tre produit&nbsp;: 25 mm \u2013 150 mm<\/li>\n\n\n\n<li style=\"font-size:13px\">Hauteur \u00e9tiquette (Laize max)&nbsp;: 150 mm<\/li>\n\n\n\n<li style=\"font-size:13px\">Longueur \u00e9tiquette (max)&nbsp;&nbsp;&nbsp;&nbsp; 250 mm<\/li>\n\n\n\n<li style=\"font-size:13px\">Bobine \u2013 diam\u00e8tre ext\u00e9rieur max&nbsp;: 240 mm<\/li>\n\n\n\n<li style=\"font-size:13px\">Bobine \u2013 diam\u00e8tre int\u00e9rieur mandrin&nbsp;: 75 mm<\/li>\n\n\n\n<li style=\"font-size:13px\">Alimentation&nbsp;: 220 V AC \/ 50-60 Hz<\/li>\n\n\n\n<li style=\"font-size:13px\">Cadence&nbsp;: Jusqu\u2019\u00e0 800 \u00e9tiquettes \/ heure<\/li>\n\n\n\n<li style=\"font-size:13px\">D\u00e9clenchement&nbsp;: P\u00e9dale ou capteur de pr\u00e9sence<\/li>\n\n\n\n<li style=\"font-size:13px\">Pr\u00e9cision d\u2019\u00e9tiquetage&nbsp;: \u00b1 1 mm<\/li>\n\n\n\n<li style=\"font-size:13px\">Poids de la machine&nbsp;: Environ 28Kg<\/li>\n<\/ul>\n<\/div><\/div>\n\n\n\n<div class=\"wp-block-gutenverse-column guten-element guten-column guten-nL1L50\"><div class=\"guten-column-wrapper\" data-id=\"nL1L50\"><\/div><\/div>\n\n\n\n<div class=\"wp-block-gutenverse-column guten-element guten-column guten-3Kk6HM\"><div class=\"guten-column-wrapper\" data-id=\"3Kk6HM\">\n<div class=\"guten-element guten-spacer guten-KfZo2E\"><\/div>\n<\/div><\/div>\n<\/div><\/section><\/div>\n<\/div>\n\n\n\n<div class=\"tab-Oms6D4 tab-body-item\" data-id=\"tab-Oms6D4\">\n<div class=\"section-wrapper\" data-id=\"xNFst0\"><section class=\"wp-block-gutenverse-section guten-element guten-section guten-xNFst0 layout-boxed align-stretch\"><div class=\"guten-container guten-column-gap-default\">\n<div class=\"wp-block-gutenverse-column guten-element guten-column guten-u1d1PL\"><div class=\"guten-column-wrapper\" data-id=\"u1d1PL\">\n<figure class=\"guten-element guten-video guten-jEdg1V\"><div class=\"guten-video-wrapper\" data-property=\"{&quot;url&quot;:&quot;https:\/\/www.youtube.com\/watch?v=5pVKrv_R81I&quot;,&quot;class&quot;:&quot;guten-video-background&quot;,&quot;width&quot;:&quot;100%&quot;,&quot;height&quot;:&quot;300px&quot;,&quot;playing&quot;:false,&quot;loop&quot;:false,&quot;controls&quot;:true,&quot;playsinline&quot;:true,&quot;style&quot;:{},&quot;config&quot;:{&quot;youtube&quot;:{&quot;playerVars&quot;:{}}}}\"><\/div><\/figure>\n<\/div><\/div>\n\n\n\n<div class=\"wp-block-gutenverse-column guten-element guten-column guten-hzkaZG\"><div class=\"guten-column-wrapper\" data-id=\"hzkaZG\">\n<div class=\"guten-element guten-spacer guten-j4znMo\"><\/div>\n<\/div><\/div>\n\n\n\n<div class=\"wp-block-gutenverse-column guten-element guten-column guten-U8qhQ5\"><div class=\"guten-column-wrapper\" data-id=\"U8qhQ5\">\n<figure class=\"guten-element guten-video guten-vIJ6iL\"><div class=\"guten-video-wrapper\" data-property=\"{&quot;url&quot;:&quot;https:\/\/www.youtube.com\/watch?v=TvhUvGci5vY&quot;,&quot;class&quot;:&quot;guten-video-background&quot;,&quot;width&quot;:&quot;100%&quot;,&quot;height&quot;:&quot;300px&quot;,&quot;controls&quot;:true,&quot;playsinline&quot;:true,&quot;style&quot;:{},&quot;config&quot;:{&quot;youtube&quot;:{&quot;playerVars&quot;:{}}}}\"><\/div><\/figure>\n<\/div><\/div>\n<\/div><\/section><\/div>\n<\/div>\n\n\n\n<div class=\"XhPI2C tab-body-item\" data-id=\"XhPI2C\">\n<div class=\"section-wrapper\" data-id=\"97dtq4\"><section class=\"wp-block-gutenverse-section guten-element guten-section guten-97dtq4 layout-boxed align-stretch\"><div class=\"guten-container guten-column-gap-default\">\n<div class=\"wp-block-gutenverse-column guten-element guten-column guten-Rtzjig\"><div class=\"guten-column-wrapper\" data-id=\"Rtzjig\"><\/div><\/div>\n\n\n\n<div class=\"wp-block-gutenverse-column guten-element guten-column guten-Io5TBl\"><div class=\"guten-column-wrapper\" data-id=\"Io5TBl\"><\/div><\/div>\n\n\n\n<div class=\"wp-block-gutenverse-column guten-element guten-column guten-AxCQnh\"><div class=\"guten-column-wrapper\" data-id=\"AxCQnh\">\n<div class=\"guten-element guten-spacer guten-5WT4c1\"><\/div>\n<\/div><\/div>\n<\/div><\/section><\/div>\n<\/div>\n\n\n\n<div class=\"fG5cJD tab-body-item\" data-id=\"fG5cJD\">\n<div class=\"section-wrapper\" data-id=\"hY13eh\"><section class=\"wp-block-gutenverse-section guten-element guten-section guten-hY13eh layout-boxed align-stretch\"><div class=\"guten-container guten-column-gap-default\">\n<div class=\"wp-block-gutenverse-column guten-element guten-column guten-IrZWas\"><div class=\"guten-column-wrapper\" data-id=\"IrZWas\"><\/div><\/div>\n\n\n\n<div class=\"wp-block-gutenverse-column guten-element guten-column guten-f6jWLx\"><div class=\"guten-column-wrapper\" data-id=\"f6jWLx\">\n<ul class=\"wp-block-list\">\n<li style=\"font-size:18px\">Boissons&nbsp;: Bouteilles (eau, canettes, jus etc.)<\/li>\n\n\n\n<li style=\"font-size:18px\">Cosm\u00e9tique&nbsp;: Flacons, pots de cr\u00e8me, tubes, produits de beaut\u00e9<\/li>\n\n\n\n<li style=\"font-size:18px\">Pharmacie&nbsp;: Flacons m\u00e9dicinaux, tubes d\u2019onguents, a\u00e9rosols etc.<\/li>\n\n\n\n<li style=\"font-size:18px\">Alimentation&nbsp;: Pots (yaourt, miel), bocaux (confiture), huile, vinaigre etc.<\/li>\n\n\n\n<li style=\"font-size:18px\">Industrie \/ Chimie&nbsp;: Bidons, a\u00e9rosols, filtres, colles, mastics etc.<\/li>\n<\/ul>\n<\/div><\/div>\n\n\n\n<div class=\"wp-block-gutenverse-column guten-element guten-column guten-SuJDm5\"><div class=\"guten-column-wrapper\" data-id=\"SuJDm5\">\n<div class=\"guten-element guten-spacer guten-EthsRm\"><\/div>\n<\/div><\/div>\n<\/div><\/section><\/div>\n<\/div>\n<\/div><\/div>\n<\/div><\/div>\n<\/div><\/section><\/div>\n<\/div><\/div>\n<\/div><\/section><\/div>\n\n\n\n<p><\/p>\n","protected":false},"excerpt":{"rendered":"","protected":false},"author":1,"featured_media":0,"parent":22,"menu_order":0,"comment_status":"closed","ping_status":"closed","template":"","meta":{"_uag_custom_page_level_css":"","_themeisle_gutenberg_block_has_review":false,"footnotes":""},"class_list":["post-2985","page","type-page","status-publish","hentry"],"featured_image_src":null,"uagb_featured_image_src":{"full":false,"thumbnail":false,"medium":false,"medium_large":false,"large":false,"1536x1536":false,"2048x2048":false},"uagb_author_info":{"display_name":"Med Amine","author_link":"https:\/\/aiptec.ma\/?author=1"},"uagb_comment_info":0,"uagb_excerpt":null,"_links":{"self":[{"href":"https:\/\/aiptec.ma\/index.php?rest_route=\/wp\/v2\/pages\/2985","targetHints":{"allow":["GET"]}}],"collection":[{"href":"https:\/\/aiptec.ma\/index.php?rest_route=\/wp\/v2\/pages"}],"about":[{"href":"https:\/\/aiptec.ma\/index.php?rest_route=\/wp\/v2\/types\/page"}],"author":[{"embeddable":true,"href":"https:\/\/aiptec.ma\/index.php?rest_route=\/wp\/v2\/users\/1"}],"replies":[{"embeddable":true,"href":"https:\/\/aiptec.ma\/index.php?rest_route=%2Fwp%2Fv2%2Fcomments&post=2985"}],"version-history":[{"count":4,"href":"https:\/\/aiptec.ma\/index.php?rest_route=\/wp\/v2\/pages\/2985\/revisions"}],"predecessor-version":[{"id":3221,"href":"https:\/\/aiptec.ma\/index.php?rest_route=\/wp\/v2\/pages\/2985\/revisions\/3221"}],"up":[{"embeddable":true,"href":"https:\/\/aiptec.ma\/index.php?rest_route=\/wp\/v2\/pages\/22"}],"wp:attachment":[{"href":"https:\/\/aiptec.ma\/index.php?rest_route=%2Fwp%2Fv2%2Fmedia&parent=2985"}],"curies":[{"name":"wp","href":"https:\/\/api.w.org\/{rel}","templated":true}]}}